{"id":3716,"date":"2026-04-06T18:04:47","date_gmt":"2026-04-06T16:04:47","guid":{"rendered":"https:\/\/anandaart.se\/?post_type=product&#038;p=3716"},"modified":"2026-04-07T11:19:06","modified_gmt":"2026-04-07T09:19:06","slug":"message-from-orion","status":"publish","type":"product","link":"https:\/\/anandaart.se\/en\/produkt\/message-from-orion\/","title":{"rendered":"&#8220;Message from Orion&#8221;"},"content":{"rendered":"<p>Jag k\u00e4nner mig f\u00f6rbunden med Orion.<br data-start=\"1060\" data-end=\"1063\" \/>N\u00e4r jag m\u00e5lade denna var det som om n\u00e5got bortom mig valde f\u00e4rgerna.<br data-start=\"1131\" data-end=\"1134\" \/>Bl\u00e5tt tog sig fram genom mina h\u00e4nder,<br data-start=\"1171\" data-end=\"1174\" \/>en f\u00e4rg jag sj\u00e4lv aldrig hade valt.<\/p>\n","protected":false},"excerpt":{"rendered":"<p>Akryl och oljekrita p\u00e5 linnev\u00e4v<br \/>\n100 \u00d7 100 cm<br \/>\nSignerad av konstn\u00e4ren<\/p>\n","protected":false},"featured_media":3717,"comment_status":"closed","ping_status":"closed","template":"","meta":[],"product_brand":[],"product_cat":[57],"product_tag":[],"class_list":{"0":"post-3716","1":"product","2":"type-product","3":"status-publish","4":"has-post-thumbnail","6":"product_cat-originalmalningar","8":"first","9":"instock","10":"taxable","11":"shipping-taxable","12":"purchasable","13":"product-type-simple"},"_links":{"self":[{"href":"https:\/\/anandaart.se\/en\/wp-json\/wp\/v2\/product\/3716","targetHints":{"allow":["GET"]}}],"collection":[{"href":"https:\/\/anandaart.se\/en\/wp-json\/wp\/v2\/product"}],"about":[{"href":"https:\/\/anandaart.se\/en\/wp-json\/wp\/v2\/types\/product"}],"replies":[{"embeddable":true,"href":"https:\/\/anandaart.se\/en\/wp-json\/wp\/v2\/comments?post=3716"}],"wp:featuredmedia":[{"embeddable":true,"href":"https:\/\/anandaart.se\/en\/wp-json\/wp\/v2\/media\/3717"}],"wp:attachment":[{"href":"https:\/\/anandaart.se\/en\/wp-json\/wp\/v2\/media?parent=3716"}],"wp:term":[{"taxonomy":"product_brand","embeddable":true,"href":"https:\/\/anandaart.se\/en\/wp-json\/wp\/v2\/product_brand?post=3716"},{"taxonomy":"product_cat","embeddable":true,"href":"https:\/\/anandaart.se\/en\/wp-json\/wp\/v2\/product_cat?post=3716"},{"taxonomy":"product_tag","embeddable":true,"href":"https:\/\/anandaart.se\/en\/wp-json\/wp\/v2\/product_tag?post=3716"}],"curies":[{"name":"wp","href":"https:\/\/api.w.org\/{rel}","templated":true}]}}