{"id":3705,"date":"2026-04-06T16:45:49","date_gmt":"2026-04-06T14:45:49","guid":{"rendered":"https:\/\/anandaart.se\/?post_type=product&#038;p=3705"},"modified":"2026-04-07T14:32:55","modified_gmt":"2026-04-07T12:32:55","slug":"vishudda-1","status":"publish","type":"product","link":"https:\/\/anandaart.se\/en\/produkt\/vishudda-1\/","title":{"rendered":"&#8220;Vishudda 1&#8221;"},"content":{"rendered":"<p data-start=\"549\" data-end=\"571\">D\u00e4r det inre f\u00e5r r\u00f6st<\/p>\n","protected":false},"excerpt":{"rendered":"<p>Akryl och kol p\u00e5 papper<br \/>\n42 \u00d7 52 cm<br \/>\nSignerad av konstn\u00e4ren<br \/>\n<em>Inramad i vit ram (ing\u00e5r)<\/em><\/p>\n","protected":false},"featured_media":3706,"comment_status":"closed","ping_status":"closed","template":"","meta":[],"product_brand":[],"product_cat":[57],"product_tag":[],"class_list":{"0":"post-3705","1":"product","2":"type-product","3":"status-publish","4":"has-post-thumbnail","6":"product_cat-originalmalningar","8":"first","9":"instock","10":"taxable","11":"shipping-taxable","12":"purchasable","13":"product-type-simple"},"_links":{"self":[{"href":"https:\/\/anandaart.se\/en\/wp-json\/wp\/v2\/product\/3705","targetHints":{"allow":["GET"]}}],"collection":[{"href":"https:\/\/anandaart.se\/en\/wp-json\/wp\/v2\/product"}],"about":[{"href":"https:\/\/anandaart.se\/en\/wp-json\/wp\/v2\/types\/product"}],"replies":[{"embeddable":true,"href":"https:\/\/anandaart.se\/en\/wp-json\/wp\/v2\/comments?post=3705"}],"wp:featuredmedia":[{"embeddable":true,"href":"https:\/\/anandaart.se\/en\/wp-json\/wp\/v2\/media\/3706"}],"wp:attachment":[{"href":"https:\/\/anandaart.se\/en\/wp-json\/wp\/v2\/media?parent=3705"}],"wp:term":[{"taxonomy":"product_brand","embeddable":true,"href":"https:\/\/anandaart.se\/en\/wp-json\/wp\/v2\/product_brand?post=3705"},{"taxonomy":"product_cat","embeddable":true,"href":"https:\/\/anandaart.se\/en\/wp-json\/wp\/v2\/product_cat?post=3705"},{"taxonomy":"product_tag","embeddable":true,"href":"https:\/\/anandaart.se\/en\/wp-json\/wp\/v2\/product_tag?post=3705"}],"curies":[{"name":"wp","href":"https:\/\/api.w.org\/{rel}","templated":true}]}}