{"id":3698,"date":"2026-03-11T11:59:00","date_gmt":"2026-03-11T10:59:00","guid":{"rendered":"https:\/\/anandaart.se\/?post_type=product&#038;p=3698"},"modified":"2026-04-07T12:21:32","modified_gmt":"2026-04-07T10:21:32","slug":"shadows-echoes","status":"publish","type":"product","link":"https:\/\/anandaart.se\/en\/produkt\/shadows-echoes\/","title":{"rendered":"&#8220;Shadows &#038; Echoes&#8221;"},"content":{"rendered":"<p>Ljus och skugga m\u00f6ts i ett dr\u00f6mlikt landskap av f\u00e4rg och r\u00f6relse. Lager av mjuka toner och djupa kontraster bildar fragment av minnen \u2013 som ekon av platser och \u00f6gonblick som passerat. Verket bjuder in betraktaren till en stilla vandring mellan n\u00e4rvaro och f\u00f6rnimmelse.<\/p>\n","protected":false},"excerpt":{"rendered":"<p>Originalm\u00e5lning<\/p>\n<p>Akryl p\u00e5 linne<br \/>\n120 \u00d7 150 cm<br \/>\nSignerad av konstn\u00e4ren<\/p>\n","protected":false},"featured_media":3683,"comment_status":"closed","ping_status":"closed","template":"","meta":[],"product_brand":[],"product_cat":[57],"product_tag":[],"class_list":{"0":"post-3698","1":"product","2":"type-product","3":"status-publish","4":"has-post-thumbnail","6":"product_cat-originalmalningar","8":"first","9":"instock","10":"taxable","11":"shipping-taxable","12":"purchasable","13":"product-type-simple"},"_links":{"self":[{"href":"https:\/\/anandaart.se\/en\/wp-json\/wp\/v2\/product\/3698","targetHints":{"allow":["GET"]}}],"collection":[{"href":"https:\/\/anandaart.se\/en\/wp-json\/wp\/v2\/product"}],"about":[{"href":"https:\/\/anandaart.se\/en\/wp-json\/wp\/v2\/types\/product"}],"replies":[{"embeddable":true,"href":"https:\/\/anandaart.se\/en\/wp-json\/wp\/v2\/comments?post=3698"}],"wp:featuredmedia":[{"embeddable":true,"href":"https:\/\/anandaart.se\/en\/wp-json\/wp\/v2\/media\/3683"}],"wp:attachment":[{"href":"https:\/\/anandaart.se\/en\/wp-json\/wp\/v2\/media?parent=3698"}],"wp:term":[{"taxonomy":"product_brand","embeddable":true,"href":"https:\/\/anandaart.se\/en\/wp-json\/wp\/v2\/product_brand?post=3698"},{"taxonomy":"product_cat","embeddable":true,"href":"https:\/\/anandaart.se\/en\/wp-json\/wp\/v2\/product_cat?post=3698"},{"taxonomy":"product_tag","embeddable":true,"href":"https:\/\/anandaart.se\/en\/wp-json\/wp\/v2\/product_tag?post=3698"}],"curies":[{"name":"wp","href":"https:\/\/api.w.org\/{rel}","templated":true}]}}