{"id":3678,"date":"2026-03-11T11:14:59","date_gmt":"2026-03-11T10:14:59","guid":{"rendered":"https:\/\/anandaart.se\/?post_type=product&#038;p=3678"},"modified":"2026-04-07T11:59:26","modified_gmt":"2026-04-07T09:59:26","slug":"kind-of-blue","status":"publish","type":"product","link":"https:\/\/anandaart.se\/en\/produkt\/kind-of-blue\/","title":{"rendered":"&#8220;Kind of Blue&#8221;"},"content":{"rendered":"<p>Djupa bl\u00e5 toner m\u00f6ter jordn\u00e4ra nyanser i ett abstrakt landskap av f\u00e4rg och textur. Lager av patina och pigment skapar r\u00f6relse mellan ljus och skugga \u2013 som vatten, himmel och tid i samspel. Verket bjuder in betraktaren till ett stilla rum av reflektion och n\u00e4rvaro.<\/p>\n<p>&nbsp;<\/p>\n","protected":false},"excerpt":{"rendered":"<p>Originalm\u00e5lning<\/p>\n<p>Mixed media p\u00e5 duk<br \/>\n110 \u00d7 115 cm<br \/>\nSignerad av konstn\u00e4ren<\/p>\n","protected":false},"featured_media":3695,"comment_status":"closed","ping_status":"closed","template":"","meta":[],"product_brand":[],"product_cat":[57],"product_tag":[],"class_list":{"0":"post-3678","1":"product","2":"type-product","3":"status-publish","4":"has-post-thumbnail","6":"product_cat-originalmalningar","8":"first","9":"instock","10":"taxable","11":"shipping-taxable","12":"purchasable","13":"product-type-simple"},"_links":{"self":[{"href":"https:\/\/anandaart.se\/en\/wp-json\/wp\/v2\/product\/3678","targetHints":{"allow":["GET"]}}],"collection":[{"href":"https:\/\/anandaart.se\/en\/wp-json\/wp\/v2\/product"}],"about":[{"href":"https:\/\/anandaart.se\/en\/wp-json\/wp\/v2\/types\/product"}],"replies":[{"embeddable":true,"href":"https:\/\/anandaart.se\/en\/wp-json\/wp\/v2\/comments?post=3678"}],"wp:featuredmedia":[{"embeddable":true,"href":"https:\/\/anandaart.se\/en\/wp-json\/wp\/v2\/media\/3695"}],"wp:attachment":[{"href":"https:\/\/anandaart.se\/en\/wp-json\/wp\/v2\/media?parent=3678"}],"wp:term":[{"taxonomy":"product_brand","embeddable":true,"href":"https:\/\/anandaart.se\/en\/wp-json\/wp\/v2\/product_brand?post=3678"},{"taxonomy":"product_cat","embeddable":true,"href":"https:\/\/anandaart.se\/en\/wp-json\/wp\/v2\/product_cat?post=3678"},{"taxonomy":"product_tag","embeddable":true,"href":"https:\/\/anandaart.se\/en\/wp-json\/wp\/v2\/product_tag?post=3678"}],"curies":[{"name":"wp","href":"https:\/\/api.w.org\/{rel}","templated":true}]}}