{"id":3645,"date":"2026-03-09T17:24:58","date_gmt":"2026-03-09T16:24:58","guid":{"rendered":"https:\/\/anandaart.se\/?post_type=product&#038;p=3645"},"modified":"2026-04-07T14:21:46","modified_gmt":"2026-04-07T12:21:46","slug":"black-cabbage","status":"publish","type":"product","link":"https:\/\/anandaart.se\/en\/produkt\/black-cabbage\/","title":{"rendered":"&#8220;Black Cabbage&#8221;"},"content":{"rendered":"<p>F\u00f6dd ur meditation och improvisation f\u00f6rvandlar verket naturens enkla texturer till ett f\u00e4lt av ljus och f\u00e4rg. Avtrycken fr\u00e5n k\u00e5lblad bildar abstrakta landskap som varsamt leder betraktaren in\u00e5t &#8211; mot minne, rytm och intuition.<\/p>\n","protected":false},"excerpt":{"rendered":"<p>Akryl p\u00e5 linne<br \/>\n97 \u00d7 136 cm<\/p>\n<p>Originalm\u00e5lning av Ananda Sievert<\/p>\n","protected":false},"featured_media":3693,"comment_status":"closed","ping_status":"closed","template":"","meta":[],"product_brand":[],"product_cat":[57],"product_tag":[],"class_list":{"0":"post-3645","1":"product","2":"type-product","3":"status-publish","4":"has-post-thumbnail","6":"product_cat-originalmalningar","8":"first","9":"instock","10":"sold-individually","11":"taxable","12":"shipping-taxable","13":"purchasable","14":"product-type-simple"},"_links":{"self":[{"href":"https:\/\/anandaart.se\/en\/wp-json\/wp\/v2\/product\/3645","targetHints":{"allow":["GET"]}}],"collection":[{"href":"https:\/\/anandaart.se\/en\/wp-json\/wp\/v2\/product"}],"about":[{"href":"https:\/\/anandaart.se\/en\/wp-json\/wp\/v2\/types\/product"}],"replies":[{"embeddable":true,"href":"https:\/\/anandaart.se\/en\/wp-json\/wp\/v2\/comments?post=3645"}],"wp:featuredmedia":[{"embeddable":true,"href":"https:\/\/anandaart.se\/en\/wp-json\/wp\/v2\/media\/3693"}],"wp:attachment":[{"href":"https:\/\/anandaart.se\/en\/wp-json\/wp\/v2\/media?parent=3645"}],"wp:term":[{"taxonomy":"product_brand","embeddable":true,"href":"https:\/\/anandaart.se\/en\/wp-json\/wp\/v2\/product_brand?post=3645"},{"taxonomy":"product_cat","embeddable":true,"href":"https:\/\/anandaart.se\/en\/wp-json\/wp\/v2\/product_cat?post=3645"},{"taxonomy":"product_tag","embeddable":true,"href":"https:\/\/anandaart.se\/en\/wp-json\/wp\/v2\/product_tag?post=3645"}],"curies":[{"name":"wp","href":"https:\/\/api.w.org\/{rel}","templated":true}]}}